{"id":2900,"date":"2022-12-02T14:51:03","date_gmt":"2022-12-02T14:51:03","guid":{"rendered":"https:\/\/energychallenges.online\/datenschutz-beleidigen\/"},"modified":"2023-05-31T09:26:55","modified_gmt":"2023-05-31T09:26:55","slug":"datenschutz-beleidigen","status":"publish","type":"page","link":"https:\/\/energychallenges.online\/de\/datenschutz-beleidigen\/","title":{"rendered":"Datenschutzbestimmungen"},"content":{"rendered":"\n<section class=\"wpb-header wpb-header__subpage wpb-whitespace__small wpb-bg-color__accent wpb-width__standard wpb-block_384d8cf28bae3928635692466d4cb3f2\" id=\"wpb-block_384d8cf28bae3928635692466d4cb3f2\" data-navigation-label=\"\">\n    <div class=\"container\">\n        <div class=\"inner\">\n            <div class=\"text\">\n                                    <h1 style=\"text-align: center;\">Datenschutzbestimmungen<\/h1>\n                 \n            <\/div>      \n        <\/div>\n    <\/div>\n    \n    \n    \n<\/section>\n<span id=\"content\"><\/span>\n<section class=\"wpb-text wpb-whitespace__medium wpb-bg-color__transparent wpb-width__medium wpb-block_88605a4be16673f535ac9aedea45cdb7\" id=\"wpb-block_88605a4be16673f535ac9aedea45cdb7\" data-navigation-label=\"\">\n    <div class=\"container\">\n                <div class=\"inner\">            \n            <div class=\"text\">\n                                    <p>Energy Challenges, mit Sitz in Spinding 5, 5431 SN, Cuijk, ist f\u00fcr die Verarbeitung der in dieser Datenschutzerkl\u00e4rung genannten personenbezogenen Daten verantwortlich.<\/p>\n<p>Kontaktinformationen:<\/p>\n<p>https:\/\/energychallenges.online\/de\/<br \/>\nSpinding 5, 5431 SN, Cuijk<\/p>\n<p><strong>Von uns verarbeitete personenbezogene Daten<\/strong><\/p>\n<p>Energy Challenges verarbeitet keine personenbezogenen Daten, da auf unserer Website keine personenbezogenen Daten hinterlassen werden k\u00f6nnen. Wir verwenden auch keine Plugins f\u00fcr soziale Medien.<\/p>\n<p><strong>Besondere und\/oder sensible personenbezogene Daten, die wir verarbeiten<\/strong><\/p>\n<p>Unsere Website bzw. unser Dienst beabsichtigt nicht, Daten von Website-Besuchern zu sammeln, die unter 16 Jahre alt sind. Es sei denn, sie haben die Erlaubnis ihrer Eltern oder Erziehungsberechtigten. Wir k\u00f6nnen jedoch nicht \u00fcberpr\u00fcfen, ob ein Besucher \u00fcber 16 Jahre alt ist. Wir raten daher den Eltern, sich an den Online-Aktivit\u00e4ten ihrer Kinder zu beteiligen, um zu vermeiden, dass Daten \u00fcber Kinder ohne elterliche Zustimmung gesammelt werden. Wenn Sie davon \u00fcberzeugt sind, dass wir personenbezogene Daten \u00fcber einen Minderj\u00e4hrigen ohne eine solche Zustimmung gesammelt haben, wenden Sie sich bitte an <a href=\"mailto:info@energychallenges.nl\">info@energychallenges.nl, und<\/a> wir werden diese Informationen l\u00f6schen.<\/p>\n<p><strong>Zu welchem Zweck und auf welcher Grundlage wir personenbezogene Daten verarbeiten<\/strong><\/p>\n<p>Energy Challenges verarbeitet Ihre personenbezogenen Daten f\u00fcr die folgenden Zwecke:<\/p>\n<ul>\n<li>Information \u00fcber \u00c4nderungen an unseren Dienstleistungen und Produkten<\/li>\n<li>Energy Challenges analysiert Ihr Verhalten auf der Website, um die Website zu verbessern und das Angebot an Produkten und Dienstleistungen auf Ihre Pr\u00e4ferenzen zuzuschneiden.<\/li>\n<li>Energy Challenges verfolgt Ihre Surfgewohnheiten auf verschiedenen Websites, die es uns erm\u00f6glichen, unsere Produkte und Dienstleistungen auf Ihre Bed\u00fcrfnisse zuzuschneiden.<\/li>\n<li>Energy Challenges Wir verarbeiten auch personenbezogene Daten, wenn wir gesetzlich dazu verpflichtet sind, wie z. B. Daten, die wir f\u00fcr unsere Steuererkl\u00e4rung ben\u00f6tigen.<\/li>\n<\/ul>\n<p><strong>Automatisierte Entscheidungsfindung<\/strong><\/p>\n<p>Energy Challenges trifft keine Entscheidungen \u00fcber Dinge, die den Einzelnen (erheblich) beeintr\u00e4chtigen k\u00f6nnten, auf der Grundlage einer automatisierten Verarbeitung. Dies sind Entscheidungen, die von Computerprogrammen oder -systemen getroffen werden, ohne dass ein Mensch (z. B. ein Angestellter von Energy Challenges) daran beteiligt ist.<\/p>\n<p><strong>Wie lange wir personenbezogene Daten aufbewahren<\/strong><\/p>\n<p>Energy Challenges Ihre personenbezogenen Daten werden nicht l\u00e4nger aufbewahrt, als es f\u00fcr die Erf\u00fcllung der Zwecke, f\u00fcr die sie erhoben wurden, unbedingt erforderlich ist. F\u00fcr die folgenden personenbezogenen Daten gelten die folgenden Aufbewahrungsfristen: 7 Jahre<\/p>\n<p><strong>Weitergabe personenbezogener Daten an Dritte<\/strong><\/p>\n<p>Energy Challenges verkauft Ihre Daten nicht an Dritte und gibt sie nur weiter, wenn dies f\u00fcr die Erf\u00fcllung unserer Vereinbarung mit Ihnen oder zur Erf\u00fcllung einer gesetzlichen Verpflichtung erforderlich ist. Wir schlie\u00dfen einen Auftragsverarbeitungsvertrag mit Unternehmen ab, die Ihre Daten in unserem Auftrag verarbeiten, um das gleiche Ma\u00df an Sicherheit und Vertraulichkeit Ihrer Daten zu gew\u00e4hrleisten. Energy Challenges bleibt f\u00fcr diese Verarbeitungsvorg\u00e4nge verantwortlich.<\/p>\n<p><strong>Cookies oder \u00e4hnliche Techniken, die wir verwenden<\/strong><\/p>\n<p>Energy Challenges verwendet nur technische und funktionale Cookies. Und analytische Cookies, die nicht in Ihre Privatsph\u00e4re eindringen. Ein Cookie ist eine kleine Textdatei, die auf Ihrem Computer, Tablet oder Smartphone gespeichert wird, wenn Sie diese Website zum ersten Mal besuchen. Die von uns verwendeten Cookies sind f\u00fcr den technischen Betrieb der Website und Ihre Benutzerfreundlichkeit notwendig. Sie sorgen daf\u00fcr, dass die Website ordnungsgem\u00e4\u00df funktioniert und merken sich zum Beispiel Ihre Pr\u00e4ferenzen. Es erm\u00f6glicht uns auch, unsere Website zu optimieren. Sie k\u00f6nnen die Verwendung von Cookies ablehnen, indem Sie Ihren Internet-Browser so einstellen, dass keine Cookies mehr gespeichert werden. Dar\u00fcber hinaus k\u00f6nnen Sie \u00fcber die Einstellungen Ihres Browsers alle zuvor gespeicherten Informationen l\u00f6schen.<\/p>\n<p><strong>Daten ansehen, \u00e4ndern oder l\u00f6schen<\/strong><\/p>\n<p>Sie haben das Recht auf Zugang, Berichtigung oder L\u00f6schung Ihrer personenbezogenen Daten. Dar\u00fcber hinaus haben Sie das Recht, Ihre etwaige Zustimmung zur Datenverarbeitung zu widerrufen oder der Verarbeitung Ihrer personenbezogenen Daten durch Energy Challenges zu widersprechen, und Sie haben das Recht auf Daten\u00fcbertragbarkeit. Das bedeutet, dass Sie uns auffordern k\u00f6nnen, die personenbezogenen Daten, die wir \u00fcber Sie in einer Computerdatei gespeichert haben, an Sie oder eine andere von Ihnen benannte Organisation zu \u00fcbermitteln. Sie k\u00f6nnen einen Antrag auf Zugang, Berichtigung, L\u00f6schung oder \u00dcbertragung Ihrer personenbezogenen Daten oder auf Widerruf Ihrer Einwilligung oder Widerspruch gegen die Verarbeitung Ihrer personenbezogenen Daten an <a href=\"mailto:info@energychallenges.nl\">info@energychallenges.nl<\/a> richten.. Um sicherzustellen, dass der Antrag auf Einsichtnahme von Ihnen gestellt wird, bitten wir Sie, dem Antrag eine Kopie Ihres Ausweises beizuf\u00fcgen. Schw\u00e4rzen Sie auf dieser Kopie Ihr Passfoto, die MRZ (maschinenlesbare Zone, der Zahlenstreifen am unteren Rand des Passes), die Passnummer und die B\u00fcrgerservicenummer (BSN). Dies dient dem Schutz Ihrer Privatsph\u00e4re. Wir werden Ihren Antrag so schnell wie m\u00f6glich, jedoch innerhalb von vier Wochen, beantworten. Energy Challenges Wir m\u00f6chten Sie auch darauf hinweisen, dass Sie die M\u00f6glichkeit haben, eine Beschwerde bei der nationalen Aufsichtsbeh\u00f6rde, der Beh\u00f6rde f\u00fcr personenbezogene Daten, einzureichen. Sie k\u00f6nnen dies \u00fcber den folgenden Link tun: <a href=\"https:\/\/autoriteitpersoonsgegevens.nl\/nl\/contact-met-de-autoriteit-persoonsgegevens\/tip-ons\">https:\/\/autoriteitpersoonsgegevens.nl\/nl\/contact-met-de-autoriteit-persoonsgegevens\/tip-ons<\/a><\/p>\n<p><strong>Wie wir personenbezogene Daten sch\u00fctzen<\/strong><\/p>\n<p>Energy Challenges nimmt den Schutz Ihrer Daten ernst und ergreift geeignete Ma\u00dfnahmen, um Missbrauch, Verlust, unbefugten Zugriff, unerw\u00fcnschte Offenlegung und unbefugte \u00c4nderung zu verhindern. Wenn Sie das Gef\u00fchl haben, dass Ihre Daten immer noch nicht sicher sind oder es Anzeichen f\u00fcr einen Missbrauch gibt, wenden Sie sich bitte an uns.<\/p>\n                \n                                \n            <\/div>\n                    <\/div>\n    <\/div>\n<\/section>","protected":false},"excerpt":{"rendered":"","protected":false},"author":1,"featured_media":0,"parent":0,"menu_order":0,"comment_status":"closed","ping_status":"closed","template":"","meta":{"footnotes":""},"class_list":["post-2900","page","type-page","status-publish","hentry"],"acf":[],"yoast_head":"<!-- This site is optimized with the Yoast SEO plugin v21.3 - https:\/\/yoast.com\/wordpress\/plugins\/seo\/ -->\n<title>Datenschutzbestimmungen - Energy Challenges<\/title>\n<meta name=\"robots\" content=\"index, follow, max-snippet:-1, max-image-preview:large, max-video-preview:-1\" \/>\n<link rel=\"canonical\" href=\"https:\/\/energychallenges.online\/de\/datenschutz-beleidigen\/\" \/>\n<meta property=\"og:locale\" content=\"de_DE\" \/>\n<meta property=\"og:type\" content=\"article\" \/>\n<meta property=\"og:title\" content=\"Datenschutzbestimmungen - Energy Challenges\" \/>\n<meta property=\"og:url\" content=\"https:\/\/energychallenges.online\/de\/datenschutz-beleidigen\/\" \/>\n<meta property=\"og:site_name\" content=\"Energy Challenges\" \/>\n<meta property=\"article:modified_time\" content=\"2023-05-31T09:26:55+00:00\" \/>\n<meta name=\"twitter:card\" content=\"summary_large_image\" \/>\n<script type=\"application\/ld+json\" class=\"yoast-schema-graph\">{\"@context\":\"https:\/\/schema.org\",\"@graph\":[{\"@type\":\"WebPage\",\"@id\":\"https:\/\/energychallenges.online\/de\/datenschutz-beleidigen\/\",\"url\":\"https:\/\/energychallenges.online\/de\/datenschutz-beleidigen\/\",\"name\":\"Datenschutzbestimmungen - Energy Challenges\",\"isPartOf\":{\"@id\":\"https:\/\/energychallenges.online\/de\/#website\"},\"datePublished\":\"2022-12-02T14:51:03+00:00\",\"dateModified\":\"2023-05-31T09:26:55+00:00\",\"breadcrumb\":{\"@id\":\"https:\/\/energychallenges.online\/de\/datenschutz-beleidigen\/#breadcrumb\"},\"inLanguage\":\"de\",\"potentialAction\":[{\"@type\":\"ReadAction\",\"target\":[\"https:\/\/energychallenges.online\/de\/datenschutz-beleidigen\/\"]}]},{\"@type\":\"BreadcrumbList\",\"@id\":\"https:\/\/energychallenges.online\/de\/datenschutz-beleidigen\/#breadcrumb\",\"itemListElement\":[{\"@type\":\"ListItem\",\"position\":1,\"name\":\"Home\",\"item\":\"https:\/\/energychallenges.online\/de\/\"},{\"@type\":\"ListItem\",\"position\":2,\"name\":\"Datenschutzbestimmungen\"}]},{\"@type\":\"WebSite\",\"@id\":\"https:\/\/energychallenges.online\/de\/#website\",\"url\":\"https:\/\/energychallenges.online\/de\/\",\"name\":\"Energy Challenges\",\"description\":\"Energy eaters invade schools all over Europe\",\"potentialAction\":[{\"@type\":\"SearchAction\",\"target\":{\"@type\":\"EntryPoint\",\"urlTemplate\":\"https:\/\/energychallenges.online\/de\/?s={search_term_string}\"},\"query-input\":\"required name=search_term_string\"}],\"inLanguage\":\"de\"}]}<\/script>\n<!-- \/ Yoast SEO plugin. -->","yoast_head_json":{"title":"Datenschutzbestimmungen - Energy Challenges","robots":{"index":"index","follow":"follow","max-snippet":"max-snippet:-1","max-image-preview":"max-image-preview:large","max-video-preview":"max-video-preview:-1"},"canonical":"https:\/\/energychallenges.online\/de\/datenschutz-beleidigen\/","og_locale":"de_DE","og_type":"article","og_title":"Datenschutzbestimmungen - Energy Challenges","og_url":"https:\/\/energychallenges.online\/de\/datenschutz-beleidigen\/","og_site_name":"Energy Challenges","article_modified_time":"2023-05-31T09:26:55+00:00","twitter_card":"summary_large_image","schema":{"@context":"https:\/\/schema.org","@graph":[{"@type":"WebPage","@id":"https:\/\/energychallenges.online\/de\/datenschutz-beleidigen\/","url":"https:\/\/energychallenges.online\/de\/datenschutz-beleidigen\/","name":"Datenschutzbestimmungen - Energy Challenges","isPartOf":{"@id":"https:\/\/energychallenges.online\/de\/#website"},"datePublished":"2022-12-02T14:51:03+00:00","dateModified":"2023-05-31T09:26:55+00:00","breadcrumb":{"@id":"https:\/\/energychallenges.online\/de\/datenschutz-beleidigen\/#breadcrumb"},"inLanguage":"de","potentialAction":[{"@type":"ReadAction","target":["https:\/\/energychallenges.online\/de\/datenschutz-beleidigen\/"]}]},{"@type":"BreadcrumbList","@id":"https:\/\/energychallenges.online\/de\/datenschutz-beleidigen\/#breadcrumb","itemListElement":[{"@type":"ListItem","position":1,"name":"Home","item":"https:\/\/energychallenges.online\/de\/"},{"@type":"ListItem","position":2,"name":"Datenschutzbestimmungen"}]},{"@type":"WebSite","@id":"https:\/\/energychallenges.online\/de\/#website","url":"https:\/\/energychallenges.online\/de\/","name":"Energy Challenges","description":"Energy eaters invade schools all over Europe","potentialAction":[{"@type":"SearchAction","target":{"@type":"EntryPoint","urlTemplate":"https:\/\/energychallenges.online\/de\/?s={search_term_string}"},"query-input":"required name=search_term_string"}],"inLanguage":"de"}]}},"_links":{"self":[{"href":"https:\/\/energychallenges.online\/de\/wp-json\/wp\/v2\/pages\/2900","targetHints":{"allow":["GET"]}}],"collection":[{"href":"https:\/\/energychallenges.online\/de\/wp-json\/wp\/v2\/pages"}],"about":[{"href":"https:\/\/energychallenges.online\/de\/wp-json\/wp\/v2\/types\/page"}],"author":[{"embeddable":true,"href":"https:\/\/energychallenges.online\/de\/wp-json\/wp\/v2\/users\/1"}],"replies":[{"embeddable":true,"href":"https:\/\/energychallenges.online\/de\/wp-json\/wp\/v2\/comments?post=2900"}],"version-history":[{"count":5,"href":"https:\/\/energychallenges.online\/de\/wp-json\/wp\/v2\/pages\/2900\/revisions"}],"predecessor-version":[{"id":3398,"href":"https:\/\/energychallenges.online\/de\/wp-json\/wp\/v2\/pages\/2900\/revisions\/3398"}],"wp:attachment":[{"href":"https:\/\/energychallenges.online\/de\/wp-json\/wp\/v2\/media?parent=2900"}],"curies":[{"name":"wp","href":"https:\/\/api.w.org\/{rel}","templated":true}]}}