{"id":4863,"date":"2022-12-02T14:51:03","date_gmt":"2022-12-02T14:51:03","guid":{"rendered":"https:\/\/energychallenges.online\/politica-de-privacidad\/"},"modified":"2023-11-24T14:40:17","modified_gmt":"2023-11-24T14:40:17","slug":"politica-de-privacidad","status":"publish","type":"page","link":"https:\/\/energychallenges.online\/es\/politica-de-privacidad\/","title":{"rendered":"Pol\u00edtica de privacidad"},"content":{"rendered":"\n<section class=\"wpb-header wpb-header__subpage wpb-whitespace__small wpb-bg-color__accent wpb-width__standard wpb-block_d6df4b8034046210ddc9958134c65fa5\" id=\"wpb-block_d6df4b8034046210ddc9958134c65fa5\" data-navigation-label=\"\">\n    <div class=\"container\">\n        <div class=\"inner\">\n            <div class=\"text\">\n                                    <h1 style=\"text-align: center;\">Pol\u00edtica de privacidad<\/h1>\n                 \n            <\/div>      \n        <\/div>\n    <\/div>\n    \n    \n    \n<\/section>\n<span id=\"content\"><\/span>\n<section class=\"wpb-text wpb-whitespace__medium wpb-bg-color__transparent wpb-width__medium wpb-block_88afa92c7902c9b3a3210008498095e0\" id=\"wpb-block_88afa92c7902c9b3a3210008498095e0\" data-navigation-label=\"\">\n    <div class=\"container\">\n                <div class=\"inner\">            \n            <div class=\"text\">\n                                    <p>Energy Challenges, con domicilio en Spinding 5, 5431 SN, Cuijk, es responsable del tratamiento de los datos personales reflejados en la presente declaraci\u00f3n de privacidad.<\/p>\n<p>Informaci\u00f3n de contacto:<\/p>\n<p>https:\/\/energychallenges.online\/es\/<br \/>\nSpinding 5, 5431 SN, Cuijk<\/p>\n<p><strong>Datos personales que tratamos<\/strong><\/p>\n<p>Energy Challenges no procesa datos personales porque no se pueden dejar datos personales en nuestro sitio. Tampoco utilizamos plugins de redes sociales.<\/p>\n<p><strong>Datos personales especiales y\/o sensibles que tratamos<\/strong><\/p>\n<p>Nuestro sitio web y\/o servicio no pretende recopilar informaci\u00f3n sobre visitantes del sitio web menores de 16 a\u00f1os. A menos que tengan permiso de los padres o tutores. Sin embargo, no podemos verificar si un visitante tiene m\u00e1s de 16 a\u00f1os. Por ello, animamos a los padres a participar en las actividades en l\u00ednea de sus hijos para evitar la recopilaci\u00f3n de datos sobre ellos sin su consentimiento. Si cree que hemos recopilado informaci\u00f3n personal sobre un menor sin dicho consentimiento, p\u00f3ngase en contacto con nosotros en <a href=\"mailto:info@energychallenges.nl\">info@energychallenges.nl, y<\/a> eliminaremos esta informaci\u00f3n.<\/p>\n<p><strong>\u00bfCon qu\u00e9 fin y sobre qu\u00e9 base tratamos los datos personales?<\/strong><\/p>\n<p>Energy Challenges trata sus datos personales para los siguientes fines:<\/p>\n<ul>\n<li>Informarle de cambios en nuestros servicios y productos<\/li>\n<li>Energy Challenges analiza su comportamiento en el sitio web con el fin de mejorar el sitio web y adaptar la oferta de productos y servicios a sus preferencias.<\/li>\n<li>Energy Challenges rastrea sus h\u00e1bitos de navegaci\u00f3n en diferentes sitios web para ayudarnos a adaptar nuestros productos y servicios a sus necesidades.<\/li>\n<li>Energy Challenges tambi\u00e9n procesa datos personales si estamos legalmente obligados a hacerlo, como los datos que necesitamos para nuestra declaraci\u00f3n de la renta.<\/li>\n<\/ul>\n<p><strong>Toma de decisiones automatizada<\/strong><\/p>\n<p>Energy Challenges no toma decisiones sobre asuntos que puedan afectar (significativamente) a las personas bas\u00e1ndose en un tratamiento automatizado. Se trata de decisiones que toman programas o sistemas inform\u00e1ticos, sin que haya un humano (por ejemplo, un empleado de Energy Challenges) entre ellos.<\/p>\n<p><strong>Cu\u00e1nto tiempo conservamos los datos personales<\/strong><\/p>\n<p>Energy Challenges no conservar\u00e1 sus datos personales m\u00e1s tiempo del estrictamente necesario para cumplir los fines para los que se recogieron. Utilizamos los siguientes periodos de conservaci\u00f3n para los siguientes datos personales: 7 a\u00f1os<\/p>\n<p><strong>Compartir datos personales con terceros<\/strong><\/p>\n<p>Energy Challenges no vende sus datos a terceros y s\u00f3lo los facilitar\u00e1 si es necesario para la ejecuci\u00f3n de nuestro acuerdo con usted o para cumplir una obligaci\u00f3n legal. Con las empresas que procesan sus datos en nuestro nombre, celebramos un acuerdo de procesamiento para garantizar el mismo nivel de seguridad y confidencialidad de sus datos. Energy Challenges sigue siendo responsable de estas operaciones de tratamiento.<\/p>\n<p><strong>Utilizamos cookies o t\u00e9cnicas similares<\/strong><\/p>\n<p>Energy Challenges utiliza \u00fanicamente cookies t\u00e9cnicas y funcionales. Y cookies anal\u00edticas que no invaden su privacidad. Una cookie es un peque\u00f1o archivo de texto que se almacena en su ordenador, tableta o smartphone la primera vez que visita este sitio web. Las cookies que utilizamos son necesarias para el funcionamiento t\u00e9cnico del sitio web y para facilitar su uso. Garantizan que el sitio web funcione correctamente y, por ejemplo, recuerdan sus preferencias. Tambi\u00e9n nos permite optimizar nuestro sitio web. Puede desactivar las cookies configurando su navegador de Internet para que deje de almacenarlas. Adem\u00e1s, tambi\u00e9n puede eliminar cualquier informaci\u00f3n almacenada previamente a trav\u00e9s de la configuraci\u00f3n de su navegador.<\/p>\n<p><strong>Ver, modificar o borrar datos<\/strong><\/p>\n<p>Tiene derecho a ver, rectificar o suprimir sus datos personales. Adem\u00e1s, tiene derecho a retirar su posible consentimiento al tratamiento de datos u oponerse al tratamiento de sus datos personales por Energy Challenges y tiene derecho a la portabilidad de los datos. Esto significa que puede solicitarnos que le enviemos los datos personales que tenemos sobre usted en un archivo inform\u00e1tico a usted o a otra organizaci\u00f3n que usted designe. Puede enviar una solicitud de acceso, rectificaci\u00f3n, supresi\u00f3n, transferencia de sus datos personales o una solicitud para retirar su consentimiento u oponerse al tratamiento de sus datos personales a <a href=\"mailto:info@energychallenges.nl\">info@energychallenges.nl<\/a>.. Para asegurarnos de que la solicitud de inspecci\u00f3n la hace usted, le pedimos que env\u00ede una copia de su documento de identidad con la solicitud. En esta copia, tache la foto de su pasaporte, la MRZ (zona legible por m\u00e1quina, la franja de n\u00fameros en la parte inferior del pasaporte), el n\u00famero de pasaporte y el N\u00famero de Servicio al Ciudadano (BSN). Esto es para proteger su intimidad. Responderemos a su solicitud lo antes posible, pero en un plazo m\u00e1ximo de cuatro semanas. Energy Challenges tambi\u00e9n desea informarle de que tiene la posibilidad de presentar una reclamaci\u00f3n ante el regulador nacional, la Autoridad de Datos Personales. Puede hacerlo en el siguiente enlace: <a href=\"https:\/\/autoriteitpersoonsgegevens.nl\/nl\/contact-met-de-autoriteit-persoonsgegevens\/tip-ons\">https:\/\/autoriteitpersoonsgegevens.nl\/nl\/contact-met-de-autoriteit-persoonsgegevens\/tip-ons<\/a><\/p>\n<p><strong>C\u00f3mo protegemos los datos personales<\/strong><\/p>\n<p>Energy Challenges se toma muy en serio la protecci\u00f3n de sus datos y adopta las medidas adecuadas para evitar el uso indebido, la p\u00e9rdida, el acceso no autorizado, la divulgaci\u00f3n no deseada y la modificaci\u00f3n no autorizada. Si cree que sus datos a\u00fan no est\u00e1n seguros o hay indicios de uso indebido, p\u00f3ngase en contacto con nosotros.<\/p>\n                \n                                \n            <\/div>\n                    <\/div>\n    <\/div>\n<\/section>","protected":false},"excerpt":{"rendered":"","protected":false},"author":1,"featured_media":0,"parent":0,"menu_order":0,"comment_status":"closed","ping_status":"closed","template":"","meta":{"footnotes":""},"class_list":["post-4863","page","type-page","status-publish","hentry"],"acf":[],"yoast_head":"<!-- This site is optimized with the Yoast SEO plugin v21.3 - https:\/\/yoast.com\/wordpress\/plugins\/seo\/ -->\n<title>Pol\u00edtica de privacidad - Energy Challenges<\/title>\n<meta name=\"robots\" content=\"index, follow, max-snippet:-1, max-image-preview:large, max-video-preview:-1\" \/>\n<link rel=\"canonical\" href=\"https:\/\/energychallenges.online\/es\/politica-de-privacidad\/\" \/>\n<meta property=\"og:locale\" content=\"es_ES\" \/>\n<meta property=\"og:type\" content=\"article\" \/>\n<meta property=\"og:title\" content=\"Pol\u00edtica de privacidad - Energy Challenges\" \/>\n<meta property=\"og:url\" content=\"https:\/\/energychallenges.online\/es\/politica-de-privacidad\/\" \/>\n<meta property=\"og:site_name\" content=\"Energy Challenges\" \/>\n<meta property=\"article:modified_time\" content=\"2023-11-24T14:40:17+00:00\" \/>\n<meta name=\"twitter:card\" content=\"summary_large_image\" \/>\n<script type=\"application\/ld+json\" class=\"yoast-schema-graph\">{\"@context\":\"https:\/\/schema.org\",\"@graph\":[{\"@type\":\"WebPage\",\"@id\":\"https:\/\/energychallenges.online\/es\/politica-de-privacidad\/\",\"url\":\"https:\/\/energychallenges.online\/es\/politica-de-privacidad\/\",\"name\":\"Pol\u00edtica de privacidad - Energy Challenges\",\"isPartOf\":{\"@id\":\"https:\/\/energychallenges.online\/es\/#website\"},\"datePublished\":\"2022-12-02T14:51:03+00:00\",\"dateModified\":\"2023-11-24T14:40:17+00:00\",\"breadcrumb\":{\"@id\":\"https:\/\/energychallenges.online\/es\/politica-de-privacidad\/#breadcrumb\"},\"inLanguage\":\"es\",\"potentialAction\":[{\"@type\":\"ReadAction\",\"target\":[\"https:\/\/energychallenges.online\/es\/politica-de-privacidad\/\"]}]},{\"@type\":\"BreadcrumbList\",\"@id\":\"https:\/\/energychallenges.online\/es\/politica-de-privacidad\/#breadcrumb\",\"itemListElement\":[{\"@type\":\"ListItem\",\"position\":1,\"name\":\"Home\",\"item\":\"https:\/\/energychallenges.online\/es\/\"},{\"@type\":\"ListItem\",\"position\":2,\"name\":\"Pol\u00edtica de privacidad\"}]},{\"@type\":\"WebSite\",\"@id\":\"https:\/\/energychallenges.online\/es\/#website\",\"url\":\"https:\/\/energychallenges.online\/es\/\",\"name\":\"Energy Challenges\",\"description\":\"Energy eaters invade schools all over Europe\",\"potentialAction\":[{\"@type\":\"SearchAction\",\"target\":{\"@type\":\"EntryPoint\",\"urlTemplate\":\"https:\/\/energychallenges.online\/es\/?s={search_term_string}\"},\"query-input\":\"required name=search_term_string\"}],\"inLanguage\":\"es\"}]}<\/script>\n<!-- \/ Yoast SEO plugin. -->","yoast_head_json":{"title":"Pol\u00edtica de privacidad - Energy Challenges","robots":{"index":"index","follow":"follow","max-snippet":"max-snippet:-1","max-image-preview":"max-image-preview:large","max-video-preview":"max-video-preview:-1"},"canonical":"https:\/\/energychallenges.online\/es\/politica-de-privacidad\/","og_locale":"es_ES","og_type":"article","og_title":"Pol\u00edtica de privacidad - Energy Challenges","og_url":"https:\/\/energychallenges.online\/es\/politica-de-privacidad\/","og_site_name":"Energy Challenges","article_modified_time":"2023-11-24T14:40:17+00:00","twitter_card":"summary_large_image","schema":{"@context":"https:\/\/schema.org","@graph":[{"@type":"WebPage","@id":"https:\/\/energychallenges.online\/es\/politica-de-privacidad\/","url":"https:\/\/energychallenges.online\/es\/politica-de-privacidad\/","name":"Pol\u00edtica de privacidad - Energy Challenges","isPartOf":{"@id":"https:\/\/energychallenges.online\/es\/#website"},"datePublished":"2022-12-02T14:51:03+00:00","dateModified":"2023-11-24T14:40:17+00:00","breadcrumb":{"@id":"https:\/\/energychallenges.online\/es\/politica-de-privacidad\/#breadcrumb"},"inLanguage":"es","potentialAction":[{"@type":"ReadAction","target":["https:\/\/energychallenges.online\/es\/politica-de-privacidad\/"]}]},{"@type":"BreadcrumbList","@id":"https:\/\/energychallenges.online\/es\/politica-de-privacidad\/#breadcrumb","itemListElement":[{"@type":"ListItem","position":1,"name":"Home","item":"https:\/\/energychallenges.online\/es\/"},{"@type":"ListItem","position":2,"name":"Pol\u00edtica de privacidad"}]},{"@type":"WebSite","@id":"https:\/\/energychallenges.online\/es\/#website","url":"https:\/\/energychallenges.online\/es\/","name":"Energy Challenges","description":"Energy eaters invade schools all over Europe","potentialAction":[{"@type":"SearchAction","target":{"@type":"EntryPoint","urlTemplate":"https:\/\/energychallenges.online\/es\/?s={search_term_string}"},"query-input":"required name=search_term_string"}],"inLanguage":"es"}]}},"_links":{"self":[{"href":"https:\/\/energychallenges.online\/es\/wp-json\/wp\/v2\/pages\/4863","targetHints":{"allow":["GET"]}}],"collection":[{"href":"https:\/\/energychallenges.online\/es\/wp-json\/wp\/v2\/pages"}],"about":[{"href":"https:\/\/energychallenges.online\/es\/wp-json\/wp\/v2\/types\/page"}],"author":[{"embeddable":true,"href":"https:\/\/energychallenges.online\/es\/wp-json\/wp\/v2\/users\/1"}],"replies":[{"embeddable":true,"href":"https:\/\/energychallenges.online\/es\/wp-json\/wp\/v2\/comments?post=4863"}],"version-history":[{"count":3,"href":"https:\/\/energychallenges.online\/es\/wp-json\/wp\/v2\/pages\/4863\/revisions"}],"predecessor-version":[{"id":4866,"href":"https:\/\/energychallenges.online\/es\/wp-json\/wp\/v2\/pages\/4863\/revisions\/4866"}],"wp:attachment":[{"href":"https:\/\/energychallenges.online\/es\/wp-json\/wp\/v2\/media?parent=4863"}],"curies":[{"name":"wp","href":"https:\/\/api.w.org\/{rel}","templated":true}]}}