{"id":3788,"date":"2022-12-02T14:51:03","date_gmt":"2022-12-02T14:51:03","guid":{"rendered":"https:\/\/energychallenges.online\/pravilnik-o-zasebnosti\/"},"modified":"2023-06-05T07:51:42","modified_gmt":"2023-06-05T07:51:42","slug":"pravilnik-o-zasebnosti","status":"publish","type":"page","link":"https:\/\/energychallenges.online\/sl\/pravilnik-o-zasebnosti\/","title":{"rendered":"Pravilnik o zasebnosti"},"content":{"rendered":"\n<section class=\"wpb-header wpb-header__subpage wpb-whitespace__small wpb-bg-color__accent wpb-width__standard wpb-block_67eb879daad9e189aa472297247502da\" id=\"wpb-block_67eb879daad9e189aa472297247502da\" data-navigation-label=\"\">\n    <div class=\"container\">\n        <div class=\"inner\">\n            <div class=\"text\">\n                                    <h1 style=\"text-align: center;\">Politika zasebnosti<\/h1>\n                 \n            <\/div>      \n        <\/div>\n    <\/div>\n    \n    \n    \n<\/section>\n<span id=\"content\"><\/span>\n<section class=\"wpb-text wpb-whitespace__medium wpb-bg-color__transparent wpb-width__medium wpb-block_ada9ca2ed872c35a50203ce4de251bc2\" id=\"wpb-block_ada9ca2ed872c35a50203ce4de251bc2\" data-navigation-label=\"\">\n    <div class=\"container\">\n                <div class=\"inner\">            \n            <div class=\"text\">\n                                    <p>Energy Challenges s sede\u017eem na naslovu Spinding 5, 5431 SN, Cuijk, je odgovoren za obdelavo osebnih podatkov, kot je navedeno v tej izjavi o zasebnosti.<\/p>\n<p>Kontaktni podatki:<\/p>\n<p>https:\/\/energychallenges.online\/sl\/<br \/>\nSpinding 5, 5431 SN, Cuijk<\/p>\n<p><strong>Osebni podatki, ki jih obdelujemo<\/strong><\/p>\n<p>Energy Challenges ne obdeluje osebnih podatkov, saj na na\u0161em spletnem mestu ni mogo\u010de pustiti nobenih osebnih podatkov. Prav tako ne uporabljamo vti\u010dnikov za dru\u017ebene medije.<\/p>\n<p><strong>Posebni in\/ali ob\u010dutljivi osebni podatki, ki jih obdelujemo<\/strong><\/p>\n<p>Na\u0161a spletna stran in\/ali storitev ne namerava zbirati podatkov o obiskovalcih spletne strani, ki so mlaj\u0161i od 16 let. Razen \u010de imajo dovoljenje star\u0161ev ali skrbnikov. Ne moremo pa preveriti, ali je obiskovalec starej\u0161i od 16 let. Zato star\u0161em svetujemo, naj sodelujejo pri spletnih dejavnostih svojih otrok, da bi se izognili zbiranju podatkov o otrocih brez soglasja star\u0161ev. \u010ce ste prepri\u010dani, da smo osebne podatke o mladoletni osebi zbirali brez te privolitve, nam pi\u0161ite na <a href=\"mailto:info@energychallenges.nl\">info@energychallenges.nl in<\/a> te podatke bomo izbrisali.<\/p>\n<p><strong>Za kak\u0161en namen in na kak\u0161ni podlagi obdelujemo osebne podatke<\/strong><\/p>\n<p>Energy Challenges obdeluje va\u0161e osebne podatke za naslednje namene:<\/p>\n<ul>\n<li>obve\u0161\u010danje o spremembah na\u0161ih storitev in izdelkov.<\/li>\n<li>Energy Challenges analizira va\u0161e vedenje na spletnem mestu, da bi izbolj\u0161ala spletno mesto in prilagodila ponudbo izdelkov in storitev va\u0161im \u017eeljam.<\/li>\n<li>Energy Challenges sledi va\u0161im brskalnim navadam na razli\u010dnih spletnih mestih, kar nam omogo\u010da, da svoje izdelke in storitve prilagodimo va\u0161im potrebam.<\/li>\n<li>Energy Challenges obdeluje tudi osebne podatke, \u010de smo k temu zakonsko zavezani, na primer podatke, ki jih potrebujemo za na\u0161o dav\u010dno napoved.<\/li>\n<\/ul>\n<p><strong>Avtomatizirano odlo\u010danje<\/strong><\/p>\n<p>Energy Challenges na podlagi avtomatizirane obdelave ne sprejema odlo\u010ditev o stvareh, ki bi lahko (bistveno) vplivale na posameznike. Gre za odlo\u010ditve, ki jih sprejemajo ra\u010dunalni\u0161ki programi ali sistemi, ne da bi pri tem sodeloval \u010dlovek (npr. zaposleni v Energy Challenges).<\/p>\n<p><strong>Kako dolgo hranimo osebne podatke<\/strong><\/p>\n<p>Energy Challenges va\u0161ih osebnih podatkov ne bo hranil dlje, kot je nujno potrebno za izpolnitev namenov, za katere so bili va\u0161i podatki zbrani. Za naslednje osebne podatke uporabljamo naslednja obdobja hrambe: 7 let.<\/p>\n<p><strong>Izmenjava osebnih podatkov s tretjimi osebami<\/strong><\/p>\n<p>Energy Challenges va\u0161ih podatkov ne prodaja tretjim osebam in jih bo posredoval le, \u010de bo to potrebno za izvajanje na\u0161e pogodbe z vami ali za izpolnjevanje zakonskih obveznosti. S podjetji, ki obdelujejo va\u0161e podatke v na\u0161em imenu, sklenemo pogodbo z obdelovalcem, da zagotovimo enako raven varnosti in zaupnosti va\u0161ih podatkov. Energy Challenges ostaja odgovoren za te postopke obdelave.<\/p>\n<p><strong>Pi\u0161kotki ali podobne tehnike, ki jih uporabljamo.<\/strong><\/p>\n<p>Energy Challenges uporablja samo tehni\u010dne in funkcionalne pi\u0161kotke. In analiti\u010dni pi\u0161kotki, ki ne posegajo v va\u0161o zasebnost. Pi\u0161kotek je majhna besedilna datoteka, ki se ob prvem obisku tega spletnega mesta shrani v va\u0161 ra\u010dunalnik, tabli\u010dni ra\u010dunalnik ali pametni telefon. Pi\u0161kotki, ki jih uporabljamo, so potrebni za tehni\u010dno delovanje spletnega mesta in va\u0161o la\u017ejo uporabo. Zagotavljajo pravilno delovanje spletnega mesta in si na primer zapomnijo va\u0161e nastavitve. Omogo\u010da nam tudi optimizacijo na\u0161ega spletnega mesta. Pi\u0161kotke lahko zavrnete tako, da v svojem spletnem brskalniku zaustavite shranjevanje pi\u0161kotkov. Poleg tega lahko prek nastavitev brskalnika izbri\u0161ete vse predhodno shranjene podatke.<\/p>\n<p><strong>pregledovanje, spreminjanje ali brisanje podatkov<\/strong><\/p>\n<p>Imate pravico do dostopa do svojih osebnih podatkov, njihovega popravka ali izbrisa. Poleg tega imate pravico preklicati morebitno privolitev za obdelavo podatkov ali ugovarjati obdelavi va\u0161ih osebnih podatkov s strani Energy Challenges in imate pravico do prenosljivosti podatkov. To pomeni, da nam lahko predlo\u017eite zahtevo, da vam ali drugi organizaciji, ki jo navedete, po\u0161ljemo osebne podatke, ki jih imamo o vas v ra\u010dunalni\u0161ki datoteki. Zahtevo za dostop, popravek, izbris, prenos osebnih podatkov ali preklic privolitve ali ugovora obdelavi va\u0161ih osebnih podatkov lahko po\u0161ljete na naslov <a href=\"mailto:info@energychallenges.nl\">info@energychallenges.nl<\/a>.. Da bi se prepri\u010dali, da ste zahtevek za pregled vlo\u017eili vi, vas prosimo, da zahtevku po\u0161ljete kopijo osebnega dokumenta. V tej kopiji po\u010drnite fotografijo potnega lista, MRZ (strojno berljivo obmo\u010dje, pas \u0161tevilk na dnu potnega lista), \u0161tevilko potnega lista in \u0161tevilko dr\u017eavljanske slu\u017ebe (BSN). To je namenjeno za\u0161\u010diti va\u0161e zasebnosti. Na va\u0161 zahtevek bomo odgovorili \u010dim prej, najpozneje pa v \u0161tirih tednih . {{SITE_NAME}Obve\u0161\u010damo vas tudi, da imate mo\u017enost vlo\u017eiti prito\u017ebo pri nacionalnem regulatorju, tj. organu za varstvo osebnih podatkov. To lahko storite prek naslednje povezave: https: <a href=\"https:\/\/autoriteitpersoonsgegevens.nl\/nl\/contact-met-de-autoriteit-persoonsgegevens\/tip-ons\">\/\/autoriteitpersoonsgegevens.nl\/nl\/contact-met-de-autoriteit-persoonsgegevens\/tip-ons<\/a><\/p>\n<p><strong>Kako varujemo osebne podatke<\/strong><\/p>\n<p>Energy Challenges varstvo va\u0161ih podatkov jemlje resno in sprejema ustrezne ukrepe za prepre\u010devanje zlorabe, izgube, nepoobla\u0161\u010denega dostopa, ne\u017eelenega razkritja in nepoobla\u0161\u010denega spreminjanja. \u010ce menite, da va\u0161i podatki \u0161e vedno niso varni, ali \u010de obstajajo znaki zlorabe, se obrnite na nas.<\/p>\n                \n                                \n            <\/div>\n                    <\/div>\n    <\/div>\n<\/section>","protected":false},"excerpt":{"rendered":"","protected":false},"author":1,"featured_media":0,"parent":0,"menu_order":0,"comment_status":"closed","ping_status":"closed","template":"","meta":{"footnotes":""},"class_list":["post-3788","page","type-page","status-publish","hentry"],"acf":[],"yoast_head":"<!-- This site is optimized with the Yoast SEO plugin v21.3 - https:\/\/yoast.com\/wordpress\/plugins\/seo\/ -->\n<title>Pravilnik o zasebnosti - Energy Challenges<\/title>\n<meta name=\"robots\" content=\"index, follow, max-snippet:-1, max-image-preview:large, max-video-preview:-1\" \/>\n<link rel=\"canonical\" href=\"https:\/\/energychallenges.online\/sl\/pravilnik-o-zasebnosti\/\" \/>\n<meta property=\"og:locale\" content=\"sl_SI\" \/>\n<meta property=\"og:type\" content=\"article\" \/>\n<meta property=\"og:title\" content=\"Pravilnik o zasebnosti - Energy Challenges\" \/>\n<meta property=\"og:url\" content=\"https:\/\/energychallenges.online\/sl\/pravilnik-o-zasebnosti\/\" \/>\n<meta property=\"og:site_name\" content=\"Energy Challenges\" \/>\n<meta property=\"article:modified_time\" content=\"2023-06-05T07:51:42+00:00\" \/>\n<meta name=\"twitter:card\" content=\"summary_large_image\" \/>\n<script type=\"application\/ld+json\" class=\"yoast-schema-graph\">{\"@context\":\"https:\/\/schema.org\",\"@graph\":[{\"@type\":\"WebPage\",\"@id\":\"https:\/\/energychallenges.online\/sl\/pravilnik-o-zasebnosti\/\",\"url\":\"https:\/\/energychallenges.online\/sl\/pravilnik-o-zasebnosti\/\",\"name\":\"Pravilnik o zasebnosti - Energy Challenges\",\"isPartOf\":{\"@id\":\"https:\/\/energychallenges.online\/sl\/#website\"},\"datePublished\":\"2022-12-02T14:51:03+00:00\",\"dateModified\":\"2023-06-05T07:51:42+00:00\",\"breadcrumb\":{\"@id\":\"https:\/\/energychallenges.online\/sl\/pravilnik-o-zasebnosti\/#breadcrumb\"},\"inLanguage\":\"sl-SI\",\"potentialAction\":[{\"@type\":\"ReadAction\",\"target\":[\"https:\/\/energychallenges.online\/sl\/pravilnik-o-zasebnosti\/\"]}]},{\"@type\":\"BreadcrumbList\",\"@id\":\"https:\/\/energychallenges.online\/sl\/pravilnik-o-zasebnosti\/#breadcrumb\",\"itemListElement\":[{\"@type\":\"ListItem\",\"position\":1,\"name\":\"Home\",\"item\":\"https:\/\/energychallenges.online\/sl\/\"},{\"@type\":\"ListItem\",\"position\":2,\"name\":\"Pravilnik o zasebnosti\"}]},{\"@type\":\"WebSite\",\"@id\":\"https:\/\/energychallenges.online\/sl\/#website\",\"url\":\"https:\/\/energychallenges.online\/sl\/\",\"name\":\"Energy Challenges\",\"description\":\"Energy eaters invade schools all over Europe\",\"potentialAction\":[{\"@type\":\"SearchAction\",\"target\":{\"@type\":\"EntryPoint\",\"urlTemplate\":\"https:\/\/energychallenges.online\/sl\/?s={search_term_string}\"},\"query-input\":\"required name=search_term_string\"}],\"inLanguage\":\"sl-SI\"}]}<\/script>\n<!-- \/ Yoast SEO plugin. -->","yoast_head_json":{"title":"Pravilnik o zasebnosti - Energy Challenges","robots":{"index":"index","follow":"follow","max-snippet":"max-snippet:-1","max-image-preview":"max-image-preview:large","max-video-preview":"max-video-preview:-1"},"canonical":"https:\/\/energychallenges.online\/sl\/pravilnik-o-zasebnosti\/","og_locale":"sl_SI","og_type":"article","og_title":"Pravilnik o zasebnosti - Energy Challenges","og_url":"https:\/\/energychallenges.online\/sl\/pravilnik-o-zasebnosti\/","og_site_name":"Energy Challenges","article_modified_time":"2023-06-05T07:51:42+00:00","twitter_card":"summary_large_image","schema":{"@context":"https:\/\/schema.org","@graph":[{"@type":"WebPage","@id":"https:\/\/energychallenges.online\/sl\/pravilnik-o-zasebnosti\/","url":"https:\/\/energychallenges.online\/sl\/pravilnik-o-zasebnosti\/","name":"Pravilnik o zasebnosti - Energy Challenges","isPartOf":{"@id":"https:\/\/energychallenges.online\/sl\/#website"},"datePublished":"2022-12-02T14:51:03+00:00","dateModified":"2023-06-05T07:51:42+00:00","breadcrumb":{"@id":"https:\/\/energychallenges.online\/sl\/pravilnik-o-zasebnosti\/#breadcrumb"},"inLanguage":"sl-SI","potentialAction":[{"@type":"ReadAction","target":["https:\/\/energychallenges.online\/sl\/pravilnik-o-zasebnosti\/"]}]},{"@type":"BreadcrumbList","@id":"https:\/\/energychallenges.online\/sl\/pravilnik-o-zasebnosti\/#breadcrumb","itemListElement":[{"@type":"ListItem","position":1,"name":"Home","item":"https:\/\/energychallenges.online\/sl\/"},{"@type":"ListItem","position":2,"name":"Pravilnik o zasebnosti"}]},{"@type":"WebSite","@id":"https:\/\/energychallenges.online\/sl\/#website","url":"https:\/\/energychallenges.online\/sl\/","name":"Energy Challenges","description":"Energy eaters invade schools all over Europe","potentialAction":[{"@type":"SearchAction","target":{"@type":"EntryPoint","urlTemplate":"https:\/\/energychallenges.online\/sl\/?s={search_term_string}"},"query-input":"required name=search_term_string"}],"inLanguage":"sl-SI"}]}},"_links":{"self":[{"href":"https:\/\/energychallenges.online\/sl\/wp-json\/wp\/v2\/pages\/3788","targetHints":{"allow":["GET"]}}],"collection":[{"href":"https:\/\/energychallenges.online\/sl\/wp-json\/wp\/v2\/pages"}],"about":[{"href":"https:\/\/energychallenges.online\/sl\/wp-json\/wp\/v2\/types\/page"}],"author":[{"embeddable":true,"href":"https:\/\/energychallenges.online\/sl\/wp-json\/wp\/v2\/users\/1"}],"replies":[{"embeddable":true,"href":"https:\/\/energychallenges.online\/sl\/wp-json\/wp\/v2\/comments?post=3788"}],"version-history":[{"count":1,"href":"https:\/\/energychallenges.online\/sl\/wp-json\/wp\/v2\/pages\/3788\/revisions"}],"predecessor-version":[{"id":3789,"href":"https:\/\/energychallenges.online\/sl\/wp-json\/wp\/v2\/pages\/3788\/revisions\/3789"}],"wp:attachment":[{"href":"https:\/\/energychallenges.online\/sl\/wp-json\/wp\/v2\/media?parent=3788"}],"curies":[{"name":"wp","href":"https:\/\/api.w.org\/{rel}","templated":true}]}}