{"id":4986,"date":"2023-02-06T13:05:53","date_gmt":"2023-02-06T13:05:53","guid":{"rendered":"https:\/\/energychallenges.online\/baslayin\/"},"modified":"2023-11-24T15:43:31","modified_gmt":"2023-11-24T15:43:31","slug":"baslayin","status":"publish","type":"page","link":"https:\/\/energychallenges.online\/tr\/baslayin\/","title":{"rendered":"Ba\u015flay\u0131n"},"content":{"rendered":"\n<section class=\"wpb-header wpb-header__subpage has-header-assets__1 wpb-whitespace__large wpb-bg-color__accent wpb-width__small wpb-block_4c74b29dc953efda713a59c8df0639d3\" id=\"wpb-block_4c74b29dc953efda713a59c8df0639d3\" data-navigation-label=\"\">\n    <div class=\"container\">\n        <div class=\"inner\">\n            <div class=\"text\">\n                                    <h1 style=\"text-align: left;\">Ba\u015flay\u0131n<\/h1>\n<p style=\"text-align: left;\">Bir sorunuz mu var veya s\u0131n\u0131f\u0131n\u0131z\u0131 Enerji M\u00fccadelelerine hemen kaydettirmek mi istiyorsunuz? A\u015fa\u011f\u0131daki formu kullanarak bize ula\u015f\u0131n.<\/p>\n                 \n            <\/div>      \n        <\/div>\n    <\/div>\n    \n            <div class=\"wpb-background__assets\">\n            <div class=\"air-assets\">\n                <div class=\"layer layer-1\">   \n                    <img decoding=\"async\" class=\"asset asset-1\" src=\"\/wp-content\/themes\/wux\/assets\/bg-assets\/cloud-group-01.svg\" width=\"100\" height=\"100\" alt=\"Group of clouds\">                \n                    <img decoding=\"async\" class=\"asset asset-2\" src=\"\/wp-content\/themes\/wux\/assets\/bg-assets\/cloud-group-02.svg\" width=\"100\" height=\"100\" alt=\"Group of clouds\">                \n                    <img decoding=\"async\" class=\"asset asset-3\" src=\"\/wp-content\/themes\/wux\/assets\/bg-assets\/cloud-group-02.svg\" width=\"100\" height=\"100\" alt=\"Group of clouds\">                \n                <\/div>  \n                <div class=\"layer layer-2\">   \n                    <img decoding=\"async\" class=\"asset asset-1\" src=\"\/wp-content\/themes\/wux\/assets\/bg-assets\/cloud-group-03.svg\" width=\"100\" height=\"100\" alt=\"Group of clouds\">                \n                    <img decoding=\"async\" class=\"asset asset-2\" src=\"\/wp-content\/themes\/wux\/assets\/bg-assets\/cloud-group-04.svg\" width=\"100\" height=\"100\" alt=\"Group of clouds\">                \n                    <img decoding=\"async\" class=\"asset asset-3\" src=\"\/wp-content\/themes\/wux\/assets\/bg-assets\/cloud-group-01.svg\" width=\"100\" height=\"100\" alt=\"Group of clouds\">                \n                <\/div>           \n            <\/div>\n            <div class=\"ground-assets\">\n                <div class=\"layer layer-4\">\n                    <img decoding=\"async\" class=\"asset asset-1\" src=\"\/wp-content\/themes\/wux\/assets\/bg-assets\/bicycle-1.svg\" width=\"100\" height=\"100\" alt=\"Bicycle 1\">                \n                <\/div>\n                <div class=\"layer layer-3\">\n                    <img decoding=\"async\" class=\"asset asset-1\" src=\"\/wp-content\/themes\/wux\/assets\/bg-assets\/bicycle-2.svg\" width=\"100\" height=\"100\" alt=\"Bicycle 2\">                \n                <\/div>\n                <div class=\"layer layer-2\">\n                    <img decoding=\"async\" class=\"asset asset-1\" src=\"\/wp-content\/themes\/wux\/assets\/bg-assets\/tree-group-03.svg\" width=\"100\" height=\"100\" alt=\"Group of trees\">                \n                    <img decoding=\"async\" class=\"asset asset-2\" src=\"\/wp-content\/themes\/wux\/assets\/bg-assets\/tree-group-04.svg\" width=\"100\" height=\"100\" alt=\"Group of trees\">                \n                    <img decoding=\"async\" class=\"asset asset-3\" src=\"\/wp-content\/themes\/wux\/assets\/bg-assets\/tree-group-02.svg\" width=\"100\" height=\"100\" alt=\"Group of trees\">                \n                    <img decoding=\"async\" class=\"asset asset-4\" src=\"\/wp-content\/themes\/wux\/assets\/bg-assets\/tree-group-01.svg\" width=\"100\" height=\"100\" alt=\"Group of trees\">    \n                <\/div>\n                <div class=\"layer layer-1\">\n                    <img decoding=\"async\" class=\"asset asset-1\" src=\"\/wp-content\/themes\/wux\/assets\/bg-assets\/skyline.png\" width=\"100\" height=\"100\" alt=\"Skyline\">                \n                <\/div>\n            <\/div>\n        <\/div>\n    \n    \n<\/section>\n<span id=\"content\"><\/span>\n<section class=\"wpb-text-shortcode wpb-whitespace__large wpb-bg-color__white wpb-width__small wpb-block_974d5a70413fe35f7a0d7e7f5fa69f78\" id=\"wpb-block_974d5a70413fe35f7a0d7e7f5fa69f78\" data-navigation-label=\"\">\n    <div class=\"container\">\n        <div class=\"inner\">            \n                        <div class=\"form\">\n                                    <script type=\"text\/javascript\">\n\/* <![CDATA[ *\/\nvar gform;gform||(document.addEventListener(\"gform_main_scripts_loaded\",function(){gform.scriptsLoaded=!0}),document.addEventListener(\"gform\/theme\/scripts_loaded\",function(){gform.themeScriptsLoaded=!0}),window.addEventListener(\"DOMContentLoaded\",function(){gform.domLoaded=!0}),gform={domLoaded:!1,scriptsLoaded:!1,themeScriptsLoaded:!1,isFormEditor:()=>\"function\"==typeof InitializeEditor,callIfLoaded:function(o){return!(!gform.domLoaded||!gform.scriptsLoaded||!gform.themeScriptsLoaded&&!gform.isFormEditor()||(gform.isFormEditor()&&console.warn(\"The use of gform.initializeOnLoaded() is deprecated in the form editor context and will be removed in Gravity Forms 3.1.\"),o(),0))},initializeOnLoaded:function(o){gform.callIfLoaded(o)||(document.addEventListener(\"gform_main_scripts_loaded\",()=>{gform.scriptsLoaded=!0,gform.callIfLoaded(o)}),document.addEventListener(\"gform\/theme\/scripts_loaded\",()=>{gform.themeScriptsLoaded=!0,gform.callIfLoaded(o)}),window.addEventListener(\"DOMContentLoaded\",()=>{gform.domLoaded=!0,gform.callIfLoaded(o)}))},hooks:{action:{},filter:{}},addAction:function(o,r,e,t){gform.addHook(\"action\",o,r,e,t)},addFilter:function(o,r,e,t){gform.addHook(\"filter\",o,r,e,t)},doAction:function(o){gform.doHook(\"action\",o,arguments)},applyFilters:function(o){return gform.doHook(\"filter\",o,arguments)},removeAction:function(o,r){gform.removeHook(\"action\",o,r)},removeFilter:function(o,r,e){gform.removeHook(\"filter\",o,r,e)},addHook:function(o,r,e,t,n){null==gform.hooks[o][r]&&(gform.hooks[o][r]=[]);var d=gform.hooks[o][r];null==n&&(n=r+\"_\"+d.length),gform.hooks[o][r].push({tag:n,callable:e,priority:t=null==t?10:t})},doHook:function(r,o,e){var t;if(e=Array.prototype.slice.call(e,1),null!=gform.hooks[r][o]&&((o=gform.hooks[r][o]).sort(function(o,r){return o.priority-r.priority}),o.forEach(function(o){\"function\"!=typeof(t=o.callable)&&(t=window[t]),\"action\"==r?t.apply(null,e):e[0]=t.apply(null,e)})),\"filter\"==r)return e[0]},removeHook:function(o,r,t,n){var e;null!=gform.hooks[o][r]&&(e=(e=gform.hooks[o][r]).filter(function(o,r,e){return!!(null!=n&&n!=o.tag||null!=t&&t!=o.priority)}),gform.hooks[o][r]=e)}});\n\/* ]]> *\/\n<\/script>\n\n                <div class='gf_browser_gecko gform_wrapper gravity-theme gform-theme--no-framework' data-form-theme='gravity-theme' data-form-index='0' id='gform_wrapper_4' ><div id='gf_4' class='gform_anchor' tabindex='-1'><\/div>\n                        <div class='gform_heading'>\n                            <p class='gform_description'><\/p>\n                        <\/div><form method='post' enctype='multipart\/form-data' target='gform_ajax_frame_4' id='gform_4'  action='\/tr\/wp-json\/wp\/v2\/pages\/4986#gf_4' data-formid='4' novalidate><div class='gf_invisible ginput_recaptchav3' data-sitekey='6Le2vI0rAAAAAEGMKn2ZlXTcOQAsM_k5aIjr10vK' data-tabindex='0'><input id=\"input_d97c8b252d06a7b1a6051f789ac74148\" class=\"gfield_recaptcha_response\" type=\"hidden\" name=\"input_d97c8b252d06a7b1a6051f789ac74148\" value=\"\"\/><\/div>\n                        <div class='gform-body gform_body'><div id='gform_fields_4' class='gform_fields top_label form_sublabel_above description_above validation_below'><div id=\"field_4_4\" class=\"gfield gfield--type-honeypot gform_validation_container field_sublabel_above gfield--has-description field_description_above field_validation_below gfield_visibility_visible\"  ><label class='gfield_label gform-field-label' for='input_4_4'>Facebook<\/label><div class='gfield_description' id='gfield_description_4_4'>Bu alan do\u011frulama ama\u00e7l\u0131d\u0131r ve de\u011fi\u015fiklik yap\u0131lmadan b\u0131rak\u0131lmal\u0131d\u0131r.<\/div><div class='ginput_container'><input name='input_4' id='input_4_4' type='text' value='' autocomplete='new-password'\/><\/div><\/div><fieldset id=\"field_4_1\" class=\"gfield gfield--type-name gfield_contains_required field_sublabel_above gfield--no-description field_description_above field_validation_below gfield_visibility_visible\"  ><legend class='gfield_label gform-field-label gfield_label_before_complex' >Naam<span class=\"gfield_required\"><span class=\"gfield_required gfield_required_text\">(Gerekli)<\/span><\/span><\/legend><div class='ginput_complex ginput_container ginput_container--name no_prefix has_first_name no_middle_name has_last_name no_suffix gf_name_has_2 ginput_container_name gform-grid-row' id='input_4_1'>\n                            \n                            <span id='input_4_1_3_container' class='name_first gform-grid-col gform-grid-col--size-auto' >\n                                                    <label for='input_4_1_3' class='gform-field-label gform-field-label--type-sub '>Voornaam<\/label>\n                                                    <input type='text' name='input_1.3' id='input_4_1_3' value=''   aria-required='true'    autocomplete=\"given-name\" \/>\n                                                <\/span>\n                            \n                            <span id='input_4_1_6_container' class='name_last gform-grid-col gform-grid-col--size-auto' >\n                                                            <label for='input_4_1_6' class='gform-field-label gform-field-label--type-sub '>Achternaam<\/label>\n                                                            <input type='text' name='input_1.6' id='input_4_1_6' value=''   aria-required='true'    autocomplete=\"family-name\" \/>\n                                                        <\/span>\n                            \n                        <\/div><\/fieldset><fieldset id=\"field_4_2\" class=\"gfield gfield--type-email gfield_contains_required field_sublabel_above gfield--no-description field_description_above field_validation_below gfield_visibility_visible\"  ><legend class='gfield_label gform-field-label gfield_label_before_complex' >E-mail<span class=\"gfield_required\"><span class=\"gfield_required gfield_required_text\">(Gerekli)<\/span><\/span><\/legend><div class='ginput_complex ginput_container ginput_container_email gform-grid-row' id='input_4_2_container'>\n                                <span id='input_4_2_1_container' class='ginput_left gform-grid-col gform-grid-col--size-auto'>\n                                    <label for='input_4_2' class='gform-field-label gform-field-label--type-sub '>E-mailadres invoeren<\/label>\n                                    <input class='' type='email' name='input_2' id='input_4_2' value=''    aria-required=\"true\" aria-invalid=\"false\"  autocomplete=\"email\"\/>\n                                <\/span>\n                                <span id='input_4_2_2_container' class='ginput_right gform-grid-col gform-grid-col--size-auto'>\n                                    <label for='input_4_2_2' class='gform-field-label gform-field-label--type-sub '>E-mailadres bevestigen<\/label>\n                                    <input class='' type='email' name='input_2_2' id='input_4_2_2' value=''    aria-required=\"true\" aria-invalid=\"false\"  autocomplete=\"email\"\/>\n                                <\/span>\n                                <div class='gf_clear gf_clear_complex'><\/div>\n                            <\/div><\/fieldset><div id=\"field_4_3\" class=\"gfield gfield--type-textarea gfield_contains_required field_sublabel_above gfield--no-description field_description_above field_validation_below gfield_visibility_visible\"  ><label class='gfield_label gform-field-label' for='input_4_3'>Opmerkingen<span class=\"gfield_required\"><span class=\"gfield_required gfield_required_text\">(Gerekli)<\/span><\/span><\/label><div class='ginput_container ginput_container_textarea'><textarea name='input_3' id='input_4_3' class='textarea medium'   maxlength='600'  aria-required=\"true\" aria-invalid=\"false\"   rows='10' cols='50'><\/textarea><\/div><\/div><\/div><\/div>\n        <div class='gform-footer gform_footer top_label'> <input type='submit' id='gform_submit_button_4' class='gform_button button' onclick='gform.submission.handleButtonClick(this);' data-submission-type='submit' value='Verzenden'  \/> <input type='hidden' name='gform_ajax' value='form_id=4&amp;title=&amp;description=1&amp;tabindex=0&amp;theme=gravity-theme&amp;styles=[]&amp;hash=c770a07bec878df48846559e83812119' \/>\n            <input type='hidden' class='gform_hidden' name='gform_submission_method' data-js='gform_submission_method_4' value='iframe' \/>\n            <input type='hidden' class='gform_hidden' name='gform_theme' data-js='gform_theme_4' id='gform_theme_4' value='gravity-theme' \/>\n            <input type='hidden' class='gform_hidden' name='gform_style_settings' data-js='gform_style_settings_4' id='gform_style_settings_4' value='[]' \/>\n            <input type='hidden' class='gform_hidden' name='is_submit_4' value='1' \/>\n            <input type='hidden' class='gform_hidden' name='gform_submit' value='4' \/>\n            \n            <input type='hidden' class='gform_hidden' name='gform_currency' data-currency='EUR' value='nRlAUTZIZumMBF9Vj6tiaTKHCdFg1f+V3z3j+S+kJjrBppuiVZ7FjaQfiRX1BW2K2mcyXXwZSav0R01Z0KCeEtd1onbts71L\/yUpN3u2aC7DlhA=' \/>\n            <input type='hidden' class='gform_hidden' name='gform_unique_id' value='' \/>\n            <input type='hidden' class='gform_hidden' name='state_4' value='WyJbXSIsIjZiYmQyMmUwMjU2ZDgwZWFiNWM5ZWUzYTc1MWRjYWE3Il0=' \/>\n            <input type='hidden' autocomplete='off' class='gform_hidden' name='gform_target_page_number_4' id='gform_target_page_number_4' value='0' \/>\n            <input type='hidden' autocomplete='off' class='gform_hidden' name='gform_source_page_number_4' id='gform_source_page_number_4' value='1' \/>\n            <input type='hidden' name='gform_field_values' value='' \/>\n            \n        <\/div>\n                        <\/form>\n                        <\/div>\n\t\t                <iframe style='display:none;width:0px;height:0px;' src='about:blank' name='gform_ajax_frame_4' id='gform_ajax_frame_4' title='Bu iframe, Ajax destekli Gravity Forms i\u015flemleri i\u00e7in gereken mant\u0131\u011f\u0131 i\u00e7erir.'><\/iframe>\n\t\t                <script type=\"text\/javascript\">\n\/* <![CDATA[ *\/\n gform.initializeOnLoaded( function() {gformInitSpinner( 4, 'https:\/\/energychallenges.online\/wp-content\/plugins\/gravityforms\/images\/spinner.svg', true );jQuery('#gform_ajax_frame_4').on('load',function(){var contents = jQuery(this).contents().find('*').html();var is_postback = contents.indexOf('GF_AJAX_POSTBACK') >= 0;if(!is_postback){return;}var form_content = jQuery(this).contents().find('#gform_wrapper_4');var is_confirmation = jQuery(this).contents().find('#gform_confirmation_wrapper_4').length > 0;var is_redirect = contents.indexOf('gformRedirect(){') >= 0;var is_form = form_content.length > 0 && ! is_redirect && ! is_confirmation;var mt = parseInt(jQuery('html').css('margin-top'), 10) + parseInt(jQuery('body').css('margin-top'), 10) + 100;if(is_form){jQuery('#gform_wrapper_4').html(form_content.html());if(form_content.hasClass('gform_validation_error')){jQuery('#gform_wrapper_4').addClass('gform_validation_error');} else {jQuery('#gform_wrapper_4').removeClass('gform_validation_error');}setTimeout( function() { \/* delay the scroll by 50 milliseconds to fix a bug in chrome *\/ jQuery(document).scrollTop(jQuery('#gform_wrapper_4').offset().top - mt); }, 50 );if(window['gformInitDatepicker']) {gformInitDatepicker();}if(window['gformInitPriceFields']) {gformInitPriceFields();}var current_page = jQuery('#gform_source_page_number_4').val();gformInitSpinner( 4, 'https:\/\/energychallenges.online\/wp-content\/plugins\/gravityforms\/images\/spinner.svg', true );jQuery(document).trigger('gform_page_loaded', [4, current_page]);window['gf_submitting_4'] = false;}else if(!is_redirect){var confirmation_content = jQuery(this).contents().find('.GF_AJAX_POSTBACK').html();if(!confirmation_content){confirmation_content = contents;}jQuery('#gform_wrapper_4').replaceWith(confirmation_content);jQuery(document).scrollTop(jQuery('#gf_4').offset().top - mt);jQuery(document).trigger('gform_confirmation_loaded', [4]);window['gf_submitting_4'] = false;wp.a11y.speak(jQuery('#gform_confirmation_message_4').text());}else{jQuery('#gform_4').append(contents);if(window['gformRedirect']) {gformRedirect();}}jQuery(document).trigger(\"gform_pre_post_render\", [{ formId: \"4\", currentPage: \"current_page\", abort: function() { this.preventDefault(); } }]);        if (event && event.defaultPrevented) {                return;        }        const gformWrapperDiv = document.getElementById( \"gform_wrapper_4\" );        if ( gformWrapperDiv ) {            const visibilitySpan = document.createElement( \"span\" );            visibilitySpan.id = \"gform_visibility_test_4\";            gformWrapperDiv.insertAdjacentElement( \"afterend\", visibilitySpan );        }        const visibilityTestDiv = document.getElementById( \"gform_visibility_test_4\" );        let postRenderFired = false;        function triggerPostRender() {            if ( postRenderFired ) {                return;            }            postRenderFired = true;            gform.core.triggerPostRenderEvents( 4, current_page );            if ( visibilityTestDiv ) {                visibilityTestDiv.parentNode.removeChild( visibilityTestDiv );            }        }        function debounce( func, wait, immediate ) {            var timeout;            return function() {                var context = this, args = arguments;                var later = function() {                    timeout = null;                    if ( !immediate ) func.apply( context, args );                };                var callNow = immediate && !timeout;                clearTimeout( timeout );                timeout = setTimeout( later, wait );                if ( callNow ) func.apply( context, args );            };        }        const debouncedTriggerPostRender = debounce( function() {            triggerPostRender();        }, 200 );        if ( visibilityTestDiv && visibilityTestDiv.offsetParent === null ) {            const observer = new MutationObserver( ( mutations ) => {                mutations.forEach( ( mutation ) => {                    if ( mutation.type === 'attributes' && visibilityTestDiv.offsetParent !== null ) {                        debouncedTriggerPostRender();                        observer.disconnect();                    }                });            });            observer.observe( document.body, {                attributes: true,                childList: false,                subtree: true,                attributeFilter: [ 'style', 'class' ],            });        } else {            triggerPostRender();        }    } );} ); \n\/* ]]> *\/\n<\/script>\n                            <\/div>\n        <\/div>\n    <\/div>\n    <\/section>","protected":false},"excerpt":{"rendered":"","protected":false},"author":1,"featured_media":0,"parent":0,"menu_order":0,"comment_status":"closed","ping_status":"closed","template":"","meta":{"footnotes":""},"class_list":["post-4986","page","type-page","status-publish","hentry"],"acf":[],"yoast_head":"<!-- This site is optimized with the Yoast SEO plugin v21.3 - https:\/\/yoast.com\/wordpress\/plugins\/seo\/ -->\n<title>Ba\u015flay\u0131n - Energy Challenges<\/title>\n<meta name=\"robots\" content=\"index, follow, max-snippet:-1, max-image-preview:large, max-video-preview:-1\" \/>\n<link rel=\"canonical\" href=\"https:\/\/energychallenges.online\/tr\/baslayin\/\" \/>\n<meta property=\"og:locale\" content=\"tr_TR\" \/>\n<meta property=\"og:type\" content=\"article\" \/>\n<meta property=\"og:title\" content=\"Ba\u015flay\u0131n - Energy Challenges\" \/>\n<meta property=\"og:url\" content=\"https:\/\/energychallenges.online\/tr\/baslayin\/\" \/>\n<meta property=\"og:site_name\" content=\"Energy Challenges\" \/>\n<meta property=\"article:modified_time\" content=\"2023-11-24T15:43:31+00:00\" \/>\n<meta name=\"twitter:card\" content=\"summary_large_image\" \/>\n<script type=\"application\/ld+json\" class=\"yoast-schema-graph\">{\"@context\":\"https:\/\/schema.org\",\"@graph\":[{\"@type\":\"WebPage\",\"@id\":\"https:\/\/energychallenges.online\/tr\/baslayin\/\",\"url\":\"https:\/\/energychallenges.online\/tr\/baslayin\/\",\"name\":\"Ba\u015flay\u0131n - Energy Challenges\",\"isPartOf\":{\"@id\":\"https:\/\/energychallenges.online\/tr\/#website\"},\"datePublished\":\"2023-02-06T13:05:53+00:00\",\"dateModified\":\"2023-11-24T15:43:31+00:00\",\"breadcrumb\":{\"@id\":\"https:\/\/energychallenges.online\/tr\/baslayin\/#breadcrumb\"},\"inLanguage\":\"tr\",\"potentialAction\":[{\"@type\":\"ReadAction\",\"target\":[\"https:\/\/energychallenges.online\/tr\/baslayin\/\"]}]},{\"@type\":\"BreadcrumbList\",\"@id\":\"https:\/\/energychallenges.online\/tr\/baslayin\/#breadcrumb\",\"itemListElement\":[{\"@type\":\"ListItem\",\"position\":1,\"name\":\"Home\",\"item\":\"https:\/\/energychallenges.online\/tr\/\"},{\"@type\":\"ListItem\",\"position\":2,\"name\":\"Ba\u015flay\u0131n\"}]},{\"@type\":\"WebSite\",\"@id\":\"https:\/\/energychallenges.online\/tr\/#website\",\"url\":\"https:\/\/energychallenges.online\/tr\/\",\"name\":\"Energy Challenges\",\"description\":\"Energy eaters invade schools all over Europe\",\"potentialAction\":[{\"@type\":\"SearchAction\",\"target\":{\"@type\":\"EntryPoint\",\"urlTemplate\":\"https:\/\/energychallenges.online\/tr\/?s={search_term_string}\"},\"query-input\":\"required name=search_term_string\"}],\"inLanguage\":\"tr\"}]}<\/script>\n<!-- \/ Yoast SEO plugin. -->","yoast_head_json":{"title":"Ba\u015flay\u0131n - Energy Challenges","robots":{"index":"index","follow":"follow","max-snippet":"max-snippet:-1","max-image-preview":"max-image-preview:large","max-video-preview":"max-video-preview:-1"},"canonical":"https:\/\/energychallenges.online\/tr\/baslayin\/","og_locale":"tr_TR","og_type":"article","og_title":"Ba\u015flay\u0131n - Energy Challenges","og_url":"https:\/\/energychallenges.online\/tr\/baslayin\/","og_site_name":"Energy Challenges","article_modified_time":"2023-11-24T15:43:31+00:00","twitter_card":"summary_large_image","schema":{"@context":"https:\/\/schema.org","@graph":[{"@type":"WebPage","@id":"https:\/\/energychallenges.online\/tr\/baslayin\/","url":"https:\/\/energychallenges.online\/tr\/baslayin\/","name":"Ba\u015flay\u0131n - Energy Challenges","isPartOf":{"@id":"https:\/\/energychallenges.online\/tr\/#website"},"datePublished":"2023-02-06T13:05:53+00:00","dateModified":"2023-11-24T15:43:31+00:00","breadcrumb":{"@id":"https:\/\/energychallenges.online\/tr\/baslayin\/#breadcrumb"},"inLanguage":"tr","potentialAction":[{"@type":"ReadAction","target":["https:\/\/energychallenges.online\/tr\/baslayin\/"]}]},{"@type":"BreadcrumbList","@id":"https:\/\/energychallenges.online\/tr\/baslayin\/#breadcrumb","itemListElement":[{"@type":"ListItem","position":1,"name":"Home","item":"https:\/\/energychallenges.online\/tr\/"},{"@type":"ListItem","position":2,"name":"Ba\u015flay\u0131n"}]},{"@type":"WebSite","@id":"https:\/\/energychallenges.online\/tr\/#website","url":"https:\/\/energychallenges.online\/tr\/","name":"Energy Challenges","description":"Energy eaters invade schools all over Europe","potentialAction":[{"@type":"SearchAction","target":{"@type":"EntryPoint","urlTemplate":"https:\/\/energychallenges.online\/tr\/?s={search_term_string}"},"query-input":"required name=search_term_string"}],"inLanguage":"tr"}]}},"_links":{"self":[{"href":"https:\/\/energychallenges.online\/tr\/wp-json\/wp\/v2\/pages\/4986","targetHints":{"allow":["GET"]}}],"collection":[{"href":"https:\/\/energychallenges.online\/tr\/wp-json\/wp\/v2\/pages"}],"about":[{"href":"https:\/\/energychallenges.online\/tr\/wp-json\/wp\/v2\/types\/page"}],"author":[{"embeddable":true,"href":"https:\/\/energychallenges.online\/tr\/wp-json\/wp\/v2\/users\/1"}],"replies":[{"embeddable":true,"href":"https:\/\/energychallenges.online\/tr\/wp-json\/wp\/v2\/comments?post=4986"}],"version-history":[{"count":1,"href":"https:\/\/energychallenges.online\/tr\/wp-json\/wp\/v2\/pages\/4986\/revisions"}],"predecessor-version":[{"id":4987,"href":"https:\/\/energychallenges.online\/tr\/wp-json\/wp\/v2\/pages\/4986\/revisions\/4987"}],"wp:attachment":[{"href":"https:\/\/energychallenges.online\/tr\/wp-json\/wp\/v2\/media?parent=4986"}],"curies":[{"name":"wp","href":"https:\/\/api.w.org\/{rel}","templated":true}]}}