{"id":4988,"date":"2022-12-02T14:51:03","date_gmt":"2022-12-02T14:51:03","guid":{"rendered":"https:\/\/energychallenges.online\/gizlilik-politikasi\/"},"modified":"2023-11-24T15:43:50","modified_gmt":"2023-11-24T15:43:50","slug":"gizlilik-politikasi","status":"publish","type":"page","link":"https:\/\/energychallenges.online\/tr\/gizlilik-politikasi\/","title":{"rendered":"Gizlilik Politikas\u0131"},"content":{"rendered":"\n<section class=\"wpb-header wpb-header__subpage wpb-whitespace__small wpb-bg-color__accent wpb-width__standard wpb-block_1be4c7a1cf4069de32545b958e9be69b\" id=\"wpb-block_1be4c7a1cf4069de32545b958e9be69b\" data-navigation-label=\"\">\n    <div class=\"container\">\n        <div class=\"inner\">\n            <div class=\"text\">\n                                    <h1 style=\"text-align: center;\">Gizlilik Politikas\u0131<\/h1>\n                 \n            <\/div>      \n        <\/div>\n    <\/div>\n    \n    \n    \n<\/section>\n<span id=\"content\"><\/span>\n<section class=\"wpb-text wpb-whitespace__medium wpb-bg-color__transparent wpb-width__medium wpb-block_a0560666911a81102ecc0d750e3f4592\" id=\"wpb-block_a0560666911a81102ecc0d750e3f4592\" data-navigation-label=\"\">\n    <div class=\"container\">\n                <div class=\"inner\">            \n            <div class=\"text\">\n                                    <p>Spinding 5, 5431 SN, Cuijk adresinde bulunan Energy Challenges, ki\u015fisel verilerin bu gizlilik bildiriminde yans\u0131t\u0131ld\u0131\u011f\u0131 \u015fekilde i\u015flenmesinden sorumludur.<\/p>\n<p>\u0130leti\u015fim bilgileri:<\/p>\n<p>https:\/\/energychallenges.online\/tr\/<br \/>\nSpinding 5, 5431 SN, Cuijk<\/p>\n<p><strong>\u0130\u015fledi\u011fimiz ki\u015fisel veriler<\/strong><\/p>\n<p>Sitemize herhangi bir ki\u015fisel veri b\u0131rak\u0131lamayaca\u011f\u0131 i\u00e7in Energy Challenges ki\u015fisel veri i\u015flememektedir. Ayr\u0131ca sosyal medya eklentileri kullanm\u0131yoruz.<\/p>\n<p><strong>\u0130\u015fledi\u011fimiz \u00f6zel ve\/veya hassas ki\u015fisel veriler<\/strong><\/p>\n<p>Web sitemiz ve\/veya hizmetimiz, 16 ya\u015f\u0131n alt\u0131ndaki web sitesi ziyaret\u00e7ileri hakk\u0131nda bilgi toplama niyetinde de\u011fildir. Ebeveynlerinden veya vasilerinden izin almad\u0131klar\u0131 s\u00fcrece. Ancak, bir ziyaret\u00e7inin 16 ya\u015f\u0131ndan b\u00fcy\u00fck olup olmad\u0131\u011f\u0131n\u0131 do\u011frulayamay\u0131z. Bu nedenle, ebeveyn izni olmadan \u00e7ocuklar hakk\u0131nda veri toplanmas\u0131n\u0131 \u00f6nlemek i\u00e7in ebeveynleri \u00e7ocuklar\u0131n\u0131n \u00e7evrimi\u00e7i faaliyetlerine dahil olmaya te\u015fvik ediyoruz. Re\u015fit olmayan bir ki\u015fi hakk\u0131nda bu t\u00fcr bir izin olmadan ki\u015fisel bilgi toplad\u0131\u011f\u0131m\u0131z\u0131 d\u00fc\u015f\u00fcn\u00fcyorsan\u0131z, l\u00fctfen <a href=\"mailto:info@energychallenges.nl\">info@energychallenges.nl<\/a> adresinden bizimle ileti\u015fime ge\u00e7in; bu bilgileri kald\u0131raca\u011f\u0131z.<\/p>\n<p><strong>Ki\u015fisel verileri hangi ama\u00e7la ve hangi temele dayanarak i\u015fliyoruz?<\/strong><\/p>\n<p>Energy Challenges ki\u015fisel verilerinizi a\u015fa\u011f\u0131daki ama\u00e7larla i\u015fler:<\/p>\n<ul>\n<li>Hizmetlerimiz ve \u00fcr\u00fcnlerimizdeki de\u011fi\u015fiklikler hakk\u0131nda sizi bilgilendirmek<\/li>\n<li>Energy Challenges web sitesini iyile\u015ftirmek ve \u00fcr\u00fcn ve hizmet teklifini tercihlerinize g\u00f6re uyarlamak i\u00e7in web sitesindeki davran\u0131\u015f\u0131n\u0131z\u0131 analiz eder.<\/li>\n<li>Energy Challenges \u00fcr\u00fcnlerimizi ve hizmetlerimizi ihtiya\u00e7lar\u0131n\u0131za g\u00f6re uyarlamam\u0131za yard\u0131mc\u0131 olmak i\u00e7in farkl\u0131 web sitelerindeki gezinme al\u0131\u015fkanl\u0131klar\u0131n\u0131z\u0131 izler.<\/li>\n<li>Energy Challenges ayr\u0131ca, vergi beyannamemiz i\u00e7in ihtiya\u00e7 duydu\u011fumuz veriler gibi yasal olarak bunu yapmak zorunda oldu\u011fumuz durumlarda da ki\u015fisel verileri i\u015fler.<\/li>\n<\/ul>\n<p><strong>Otomatik karar verme<\/strong><\/p>\n<p>Energy Challenges otomatik i\u015flemeye dayal\u0131 olarak bireyleri (\u00f6nemli \u00f6l\u00e7\u00fcde) etkileyebilecek \u015feyler hakk\u0131nda kararlar almaz. Bunlar, aralar\u0131nda bir insan (\u00f6rne\u011fin, Energy Challenges \u00e7al\u0131\u015fan\u0131) olmaks\u0131z\u0131n bilgisayar programlar\u0131 veya sistemleri taraf\u0131ndan al\u0131nan kararlard\u0131r.<\/p>\n<p><strong>Ki\u015fisel verileri ne kadar s\u00fcreyle sakl\u0131yoruz<\/strong><\/p>\n<p>Energy Challenges ki\u015fisel verilerinizi, verilerinizin toplanma ama\u00e7lar\u0131n\u0131 yerine getirmek i\u00e7in kesinlikle gerekli olandan daha uzun s\u00fcre saklamayacakt\u0131r. Ki\u015fisel verilerin takibi i\u00e7in a\u015fa\u011f\u0131daki saklama s\u00fcrelerini kullan\u0131yoruz: 7 y\u0131l<\/p>\n<p><strong>Ki\u015fisel verilerin \u00fc\u00e7\u00fcnc\u00fc taraflarla payla\u015f\u0131lmas\u0131<\/strong><\/p>\n<p>Energy Challenges verilerinizi \u00fc\u00e7\u00fcnc\u00fc taraflara satmaz ve yaln\u0131zca sizinle olan anla\u015fmam\u0131z\u0131n y\u00fcr\u00fct\u00fclmesi veya yasal bir y\u00fck\u00fcml\u00fcl\u00fc\u011fe uyulmas\u0131 i\u00e7in gerekli olmas\u0131 halinde sa\u011flayacakt\u0131r. Verilerinizi bizim ad\u0131m\u0131za i\u015fleyen \u015firketlerle, verilerinizin ayn\u0131 d\u00fczeyde g\u00fcvenli\u011fini ve gizlili\u011fini sa\u011flamak i\u00e7in bir i\u015fleyici s\u00f6zle\u015fmesi imzalar\u0131z. Energy Challenges bu i\u015fleme faaliyetlerinden sorumlu olmaya devam eder.<\/p>\n<p><strong>Kulland\u0131\u011f\u0131m\u0131z \u00e7erezler veya benzer teknikler<\/strong><\/p>\n<p>Energy Challenges sadece teknik ve i\u015flevsel \u00e7erezler kullan\u0131r. Ve gizlili\u011finizi ihlal etmeyen analitik \u00e7erezler. \u00c7erez, bu web sitesini ilk kez ziyaret etti\u011finizde bilgisayar\u0131n\u0131zda, tabletinizde veya ak\u0131ll\u0131 telefonunuzda depolanan k\u00fc\u00e7\u00fck bir metin dosyas\u0131d\u0131r. Kulland\u0131\u011f\u0131m\u0131z \u00e7erezler, web sitesinin teknik olarak \u00e7al\u0131\u015fmas\u0131 ve kullan\u0131m kolayl\u0131\u011f\u0131n\u0131z i\u00e7in gereklidir. Web sitesinin d\u00fczg\u00fcn \u00e7al\u0131\u015fmas\u0131n\u0131 sa\u011flarlar ve \u00f6rne\u011fin tercihlerinizi hat\u0131rlarlar. Ayr\u0131ca web sitemizi optimize etmemizi sa\u011flar. \u0130nternet taray\u0131c\u0131n\u0131z\u0131 \u00e7erezleri saklamay\u0131 durduracak \u015fekilde ayarlayarak \u00e7erezleri devre d\u0131\u015f\u0131 b\u0131rakabilirsiniz. Ayr\u0131ca, taray\u0131c\u0131n\u0131z\u0131n ayarlar\u0131 arac\u0131l\u0131\u011f\u0131yla daha \u00f6nce depolanan bilgileri de silebilirsiniz.<\/p>\n<p><strong>Verilerin g\u00f6r\u00fcnt\u00fclenmesi, de\u011fi\u015ftirilmesi veya silinmesi<\/strong><\/p>\n<p>Ki\u015fisel verilerinizi g\u00f6rme, d\u00fczeltme veya silme hakk\u0131na sahipsiniz. Ayr\u0131ca, veri i\u015flemeye y\u00f6nelik olas\u0131 onay\u0131n\u0131z\u0131 geri \u00e7ekme veya ki\u015fisel verilerinizin Energy Challenges taraf\u0131ndan i\u015flenmesine itiraz etme ve veri ta\u015f\u0131nabilirli\u011fi hakk\u0131na sahipsiniz. Bu, hakk\u0131n\u0131zda bir bilgisayar dosyas\u0131nda tuttu\u011fumuz ki\u015fisel verileri size veya sizin belirledi\u011finiz ba\u015fka bir kurulu\u015fa g\u00f6ndermemiz i\u00e7in bize bir talepte bulunabilece\u011finiz anlam\u0131na gelir. Ki\u015fisel verilerinize eri\u015fim, d\u00fczeltme, silme, veri aktar\u0131m\u0131 veya izninizi geri \u00e7ekme veya ki\u015fisel verilerinizin i\u015flenmesine itiraz etme talebinizi <a href=\"mailto:info@energychallenges.nl\">info@energychallenges.nl<\/a> adresine g\u00f6nderebilirsiniz. \u0130nceleme talebinin sizin taraf\u0131n\u0131zdan yap\u0131ld\u0131\u011f\u0131ndan emin olmak i\u00e7in, taleple birlikte kimli\u011finizin bir kopyas\u0131n\u0131 g\u00f6ndermenizi rica ediyoruz. Bu kopyada pasaport foto\u011fraf\u0131n\u0131z\u0131, MRZ&#8217;yi (makinede okunabilir b\u00f6lge, pasaportun alt\u0131ndaki say\u0131 \u015feridi), pasaport numaran\u0131z\u0131 ve Vatanda\u015f Hizmet Numaran\u0131z\u0131 (BSN) karalay\u0131n. Bu, gizlili\u011finizi korumak i\u00e7indir. Talebinize m\u00fcmk\u00fcn olan en k\u0131sa s\u00fcrede, ancak d\u00f6rt hafta i\u00e7inde yan\u0131t verece\u011fiz. Energy Challenges Ayr\u0131ca, ulusal d\u00fczenleyici kurum olan Ki\u015fisel Veri Kurumu&#8217;na \u015fikayette bulunma imkan\u0131n\u0131z oldu\u011funu da bildirmek isteriz. Bunu a\u015fa\u011f\u0131daki ba\u011flant\u0131dan yapabilirsiniz: <a href=\"https:\/\/autoriteitpersoonsgegevens.nl\/nl\/contact-met-de-autoriteit-persoonsgegevens\/tip-ons\">https:\/\/autoriteitpersoonsgegevens.nl\/nl\/contact-met-de-autoriteit-persoonsgegevens\/tip-ons<\/a><\/p>\n<p><strong>Ki\u015fisel verileri nas\u0131l g\u00fcvence alt\u0131na al\u0131yoruz<\/strong><\/p>\n<p>Energy Challenges verilerinizin korunmas\u0131n\u0131 ciddiye al\u0131r ve k\u00f6t\u00fcye kullan\u0131m, kay\u0131p, yetkisiz eri\u015fim, istenmeyen if\u015fa ve yetkisiz de\u011fi\u015fiklikleri \u00f6nlemek i\u00e7in uygun \u00f6nlemleri al\u0131r. Verilerinizin hala g\u00fcvende olmad\u0131\u011f\u0131n\u0131 d\u00fc\u015f\u00fcn\u00fcyorsan\u0131z veya k\u00f6t\u00fcye kullan\u0131m belirtileri varsa, l\u00fctfen bizimle ileti\u015fime ge\u00e7in.<\/p>\n                \n                                \n            <\/div>\n                    <\/div>\n    <\/div>\n<\/section>","protected":false},"excerpt":{"rendered":"","protected":false},"author":1,"featured_media":0,"parent":0,"menu_order":0,"comment_status":"closed","ping_status":"closed","template":"","meta":{"footnotes":""},"class_list":["post-4988","page","type-page","status-publish","hentry"],"acf":[],"yoast_head":"<!-- This site is optimized with the Yoast SEO plugin v21.3 - https:\/\/yoast.com\/wordpress\/plugins\/seo\/ -->\n<title>Gizlilik Politikas\u0131 - Energy Challenges<\/title>\n<meta name=\"robots\" content=\"index, follow, max-snippet:-1, max-image-preview:large, max-video-preview:-1\" \/>\n<link rel=\"canonical\" href=\"https:\/\/energychallenges.online\/tr\/gizlilik-politikasi\/\" \/>\n<meta property=\"og:locale\" content=\"tr_TR\" \/>\n<meta property=\"og:type\" content=\"article\" \/>\n<meta property=\"og:title\" content=\"Gizlilik Politikas\u0131 - Energy Challenges\" \/>\n<meta property=\"og:url\" content=\"https:\/\/energychallenges.online\/tr\/gizlilik-politikasi\/\" \/>\n<meta property=\"og:site_name\" content=\"Energy Challenges\" \/>\n<meta property=\"article:modified_time\" content=\"2023-11-24T15:43:50+00:00\" \/>\n<meta name=\"twitter:card\" content=\"summary_large_image\" \/>\n<script type=\"application\/ld+json\" class=\"yoast-schema-graph\">{\"@context\":\"https:\/\/schema.org\",\"@graph\":[{\"@type\":\"WebPage\",\"@id\":\"https:\/\/energychallenges.online\/tr\/gizlilik-politikasi\/\",\"url\":\"https:\/\/energychallenges.online\/tr\/gizlilik-politikasi\/\",\"name\":\"Gizlilik Politikas\u0131 - Energy Challenges\",\"isPartOf\":{\"@id\":\"https:\/\/energychallenges.online\/tr\/#website\"},\"datePublished\":\"2022-12-02T14:51:03+00:00\",\"dateModified\":\"2023-11-24T15:43:50+00:00\",\"breadcrumb\":{\"@id\":\"https:\/\/energychallenges.online\/tr\/gizlilik-politikasi\/#breadcrumb\"},\"inLanguage\":\"tr\",\"potentialAction\":[{\"@type\":\"ReadAction\",\"target\":[\"https:\/\/energychallenges.online\/tr\/gizlilik-politikasi\/\"]}]},{\"@type\":\"BreadcrumbList\",\"@id\":\"https:\/\/energychallenges.online\/tr\/gizlilik-politikasi\/#breadcrumb\",\"itemListElement\":[{\"@type\":\"ListItem\",\"position\":1,\"name\":\"Home\",\"item\":\"https:\/\/energychallenges.online\/tr\/\"},{\"@type\":\"ListItem\",\"position\":2,\"name\":\"Gizlilik Politikas\u0131\"}]},{\"@type\":\"WebSite\",\"@id\":\"https:\/\/energychallenges.online\/tr\/#website\",\"url\":\"https:\/\/energychallenges.online\/tr\/\",\"name\":\"Energy Challenges\",\"description\":\"Energy eaters invade schools all over Europe\",\"potentialAction\":[{\"@type\":\"SearchAction\",\"target\":{\"@type\":\"EntryPoint\",\"urlTemplate\":\"https:\/\/energychallenges.online\/tr\/?s={search_term_string}\"},\"query-input\":\"required name=search_term_string\"}],\"inLanguage\":\"tr\"}]}<\/script>\n<!-- \/ Yoast SEO plugin. -->","yoast_head_json":{"title":"Gizlilik Politikas\u0131 - Energy Challenges","robots":{"index":"index","follow":"follow","max-snippet":"max-snippet:-1","max-image-preview":"max-image-preview:large","max-video-preview":"max-video-preview:-1"},"canonical":"https:\/\/energychallenges.online\/tr\/gizlilik-politikasi\/","og_locale":"tr_TR","og_type":"article","og_title":"Gizlilik Politikas\u0131 - Energy Challenges","og_url":"https:\/\/energychallenges.online\/tr\/gizlilik-politikasi\/","og_site_name":"Energy Challenges","article_modified_time":"2023-11-24T15:43:50+00:00","twitter_card":"summary_large_image","schema":{"@context":"https:\/\/schema.org","@graph":[{"@type":"WebPage","@id":"https:\/\/energychallenges.online\/tr\/gizlilik-politikasi\/","url":"https:\/\/energychallenges.online\/tr\/gizlilik-politikasi\/","name":"Gizlilik Politikas\u0131 - Energy Challenges","isPartOf":{"@id":"https:\/\/energychallenges.online\/tr\/#website"},"datePublished":"2022-12-02T14:51:03+00:00","dateModified":"2023-11-24T15:43:50+00:00","breadcrumb":{"@id":"https:\/\/energychallenges.online\/tr\/gizlilik-politikasi\/#breadcrumb"},"inLanguage":"tr","potentialAction":[{"@type":"ReadAction","target":["https:\/\/energychallenges.online\/tr\/gizlilik-politikasi\/"]}]},{"@type":"BreadcrumbList","@id":"https:\/\/energychallenges.online\/tr\/gizlilik-politikasi\/#breadcrumb","itemListElement":[{"@type":"ListItem","position":1,"name":"Home","item":"https:\/\/energychallenges.online\/tr\/"},{"@type":"ListItem","position":2,"name":"Gizlilik Politikas\u0131"}]},{"@type":"WebSite","@id":"https:\/\/energychallenges.online\/tr\/#website","url":"https:\/\/energychallenges.online\/tr\/","name":"Energy Challenges","description":"Energy eaters invade schools all over Europe","potentialAction":[{"@type":"SearchAction","target":{"@type":"EntryPoint","urlTemplate":"https:\/\/energychallenges.online\/tr\/?s={search_term_string}"},"query-input":"required name=search_term_string"}],"inLanguage":"tr"}]}},"_links":{"self":[{"href":"https:\/\/energychallenges.online\/tr\/wp-json\/wp\/v2\/pages\/4988","targetHints":{"allow":["GET"]}}],"collection":[{"href":"https:\/\/energychallenges.online\/tr\/wp-json\/wp\/v2\/pages"}],"about":[{"href":"https:\/\/energychallenges.online\/tr\/wp-json\/wp\/v2\/types\/page"}],"author":[{"embeddable":true,"href":"https:\/\/energychallenges.online\/tr\/wp-json\/wp\/v2\/users\/1"}],"replies":[{"embeddable":true,"href":"https:\/\/energychallenges.online\/tr\/wp-json\/wp\/v2\/comments?post=4988"}],"version-history":[{"count":1,"href":"https:\/\/energychallenges.online\/tr\/wp-json\/wp\/v2\/pages\/4988\/revisions"}],"predecessor-version":[{"id":4989,"href":"https:\/\/energychallenges.online\/tr\/wp-json\/wp\/v2\/pages\/4988\/revisions\/4989"}],"wp:attachment":[{"href":"https:\/\/energychallenges.online\/tr\/wp-json\/wp\/v2\/media?parent=4988"}],"curies":[{"name":"wp","href":"https:\/\/api.w.org\/{rel}","templated":true}]}}